{"id":270,"date":"2023-12-03T19:09:53","date_gmt":"2023-12-03T18:09:53","guid":{"rendered":"https:\/\/dominiquedigeon.fr\/?page_id=270"},"modified":"2025-01-13T18:38:57","modified_gmt":"2025-01-13T17:38:57","slug":"expositions","status":"publish","type":"page","link":"https:\/\/dominiquedigeon.fr\/index.php\/expositions\/","title":{"rendered":"Expositions"},"content":{"rendered":"\n<figure class=\"wp-block-image size-full\"><img loading=\"lazy\" decoding=\"async\" width=\"800\" height=\"357\" src=\"http:\/\/dominiquedigeon.fr\/wp-content\/uploads\/2023\/12\/Martel_Abomey_Digeon_1.jpg\" alt=\"\" class=\"wp-image-271\" srcset=\"https:\/\/dominiquedigeon.fr\/wp-content\/uploads\/2023\/12\/Martel_Abomey_Digeon_1.jpg 800w, https:\/\/dominiquedigeon.fr\/wp-content\/uploads\/2023\/12\/Martel_Abomey_Digeon_1-300x134.jpg 300w, https:\/\/dominiquedigeon.fr\/wp-content\/uploads\/2023\/12\/Martel_Abomey_Digeon_1-150x67.jpg 150w, https:\/\/dominiquedigeon.fr\/wp-content\/uploads\/2023\/12\/Martel_Abomey_Digeon_1-768x343.jpg 768w\" sizes=\"auto, (max-width: 800px) 100vw, 800px\" \/><\/figure>\n\n\n\n<p class=\"has-text-align-center\"><a href=\"https:\/\/dominiquedigeon.fr\/index.php\/exposition-en-cours\/\" data-type=\"page\" data-id=\"821\">Exposition r\u00e9trospective<\/a><\/p>\n\n\n\n<p><\/p>\n\n\n\n<figure class=\"wp-block-table\"><table class=\"has-vertical-secondary-to-background-gradient-background has-background has-border-color has-tertiary-border-color\"><tbody><tr><td class=\"has-text-align-center\" data-align=\"center\"><a href=\"https:\/\/dominiquedigeon.fr\">Accueil<\/a><\/td><td class=\"has-text-align-center\" data-align=\"center\"><a href=\"https:\/\/dominiquedigeon.fr\/index.php\/accueil\/series\">S\u00e9ries peintures 2023 &#8211; 1985<\/a><\/td><td class=\"has-text-align-center\" data-align=\"center\"><a href=\"https:\/\/dominiquedigeon.fr\/index.php\/livres-dartiste\/\">Livres d&rsquo;artiste<\/a><\/td><\/tr><tr><td class=\"has-text-align-center\" data-align=\"center\"><a href=\"https:\/\/dominiquedigeon.fr\/index.php\/expositions\/\">Expositions<\/a><\/td><td class=\"has-text-align-center\" data-align=\"center\"><a href=\"https:\/\/dominiquedigeon.fr\/index.php\/art-jeu-dechecs\">Art  &amp; jeu d&rsquo;\u00e9checs<\/a><\/td><td class=\"has-text-align-center\" data-align=\"center\"><a href=\"https:\/\/dominiquedigeon.fr\/index.php\/contact\/\">Contact<\/a><\/td><\/tr><\/tbody><\/table><\/figure>\n\n\n\n<p class=\"has-text-align-left\"><strong>Galerie Alain Oudin Paris Expositions personnelles :<\/strong> 2024 sept \u2013 d\u00e9c. <em>R\u00e9trospective-<\/em> 2021 <em>Spacialisation du r\u00e9cit <\/em>\u2013 2017 <em>Grands formats<\/em> \u2013 2013 <em>Arts Elys\u00e9s<\/em> &#8211; 2011 <em>Bas reliefs d&rsquo;Abomey<\/em> &#8211; 2009 <em>Fragments Visages et portraits<\/em> &#8211; 2008 <em>R\u00e9surgences<\/em> &#8211; 2007 <em>Grand formats<\/em> &#8211; 2005 <em>G\u00e9ographie<\/em> &#8211; 2003 <em>Vies int\u00e9rieures <\/em>&#8211; 2002 <em>Rondels et Tondis<\/em> &#8211; 2001 <em>Tableaux \u00e0 lire<\/em> &#8211; 1999 <em>Parties peintes<\/em> &#8211; 1996 A<em>rrachages<\/em> &#8211; 1994 <em>D&rsquo;un tableau l&rsquo; autre<\/em> &#8211; 1989 <em>Premi\u00e8re Exposition<\/em>.<\/p>\n\n\n\n<p class=\"has-text-align-left\"><strong>Expositions personnelles (extraits)<\/strong><br><em>Chess Game<\/em> Mairie du XVIe Paris &#8211; <em>Affiches tress\u00e9es<\/em> Espace l&rsquo;Autre Livre 75005 Paris &#8211; <em>Photos gratt\u00e9es<\/em> et livres d&rsquo;artiste Espace l&rsquo;Autre Livre 75005 Paris &#8211; Stand Solo Salon Page(s mai et novembre <em>Livres d&rsquo;artiste<\/em> Paris &#8211; <em>Art Brunch<\/em> Labrasca Paris \u2013 <em>Voyages Palimpsestes<\/em> Salon du livre Porte de Versailles Paris &#8211; <em>Connexions<\/em> solo show Livres d&rsquo;artiste Lille art Fair &#8211; <em>Bas reliefs d&rsquo;Abomey <\/em>Livres Salon Page(s Paris &#8211; <em>MAC 2007<\/em> Espace Champerret Paris &#8211; <em>MAC 2006<\/em> Espace Champeret &#8211; <em>Echecs en Topiaire<\/em> l&rsquo;immortelle Chateau d&rsquo;Ambleville &#8211; <em>Douze pi\u00e8ce au Salon<\/em> Rommainville &#8211; <em>Parcours de pi\u00e8ces<\/em> r\u00e9trospective Bzznet.10,rue Brantome Paris &#8211; <em>Parties.peintes1<\/em> Halle.Carpentier.75013 Paris &#8211; <em>Casse<\/em> La Colas Boulogne.Billancourt &#8211; <em>Invit\u00e9<\/em> Centre Culturel Fran\u00e7ais Oslo &#8211; Atelier \/ galerie Pierre Cardin Cannes <em>Unichromes<\/em> r\u00e9trospective espace M.Pagnol Villiers le bel -Galerie Alain.Oudin Paris &#8211; 1990 <em>Surparence<\/em> Galerie D B Williamme Prieur\u00e9 St Vincent Chartres &#8211; <em>Contretemps<\/em> Galerie municipale de Gonesse &#8211; <em>Premi\u00e8re expo perso<\/em> Centre Culturel Manoir d&rsquo; Orgemont Gonesse<\/p>\n\n\n\n<p class=\"has-text-align-left\"><strong>Exposition de groupe (extraits)<\/strong> 2023 Biblioth\u00e8ques Forney et Rilke <em>Livre d&rsquo;artiste<\/em> \u2013 Salon Page&rsquo;s \u2013 <em>Richard Meier<\/em> Editions gal A. Oudin 2022 Salon d&rsquo;Automne <em>Section Livres d&rsquo;artistes<\/em> &#8211; <em>Art &amp; pub<\/em> Biblioth\u00e8que Forney 75005 Paris 2021 &#8211; <em>Une image peut en cach\u00e9e une autre<\/em> galerie Anaphora 75005 Paris \u2013 Salon Page(s mai et novembre <em>livres d&rsquo;artiste<\/em> \u2013 <em>Atelier d&rsquo;\u00e9criture<\/em> Laurence Verdier &amp; week-end de pr\u00e9sentation Gal. Oudin Paris \u2013 <em>Livres d&rsquo;art<\/em> Centre culturel de Verderonne Caroline Corre 2020 Participation revue Cockpit 2019 Salon d&rsquo;Automne Paris \u2013 Caf\u00e9 Cham Kyoto \u2013 Salon Page(s \u2013 2018 Salon d&rsquo;Automne \u2013 L&rsquo;Autre livre Paris 2014 Mac Paris &#8211; 2012 <em>Nouvelles acquisitions<\/em> Biblioth\u00e8que Sainte Genevi\u00e8ve Paris <em>Entre les livre<\/em>s Galerie Oudin Paris <em>Documents politiques<\/em> galerie Oudin Paris, Palissades Heven, concept store Boulogne Salon Page(s), livres d\u2019artistes, stand solo 2011 Regard sur une collection galerie Oudin Paris Livres d\u2019artistes Page(s) en Mai 75005 Paris &#8211; <em>Ouverture<\/em> galerie Oudin 75010 Paris &#8211; <em>A partir de \u2026 m\u00e9diath\u00e8que<\/em> de Gange 2010 &#8211; <em>Foire des livres d\u2019exception m\u00e9diath\u00e9que<\/em> Albi 2009 <em>La Terre<\/em> Invit\u00e9 d\u2019honneur du Salon des beaux arts de Beaumont sur Oise \u2013 <em>A partir de \u2026 <\/em>m\u00e9diath\u00e8que de Gange \u2013 <em>Art &amp; \u00e9checs<\/em> Le Parnasse N\u00eemes &#8211; <em>Foire des livres d\u2019exception<\/em> m\u00e9diath\u00e8que Albi 2008-  <em>Fragments<\/em> Espace Martel \/ Oudin 75010 Paris \u2013 Inauguration EMAP Sarcelles 95 \u2013 Sacr\u00e9es traces Espace Martel \/ Oudin 75010 Paris &#8211; CRAC 11me Biennale arts actuels Champigny 94 &#8211; <em>Noir et blanc\/blanc et noir<\/em> galerie Oudin 75004 Paris 2007 <em>De Matisse \u00e0 nos jour<\/em>s Livres d&rsquo;artistes Mus\u00e9e national d&rsquo;histoire de Taipei Taiwan &#8211; <em>Salon du Cadre d&rsquo;Or<\/em> Espace Pierre Cardin Paris \u2013 R\u00e9trospective des Prix Cardin galerie \u00e9volution Pierre Cardin Paris &#8211; <em>Grands Formats<\/em> Espace Martel \/ Oudin Paris \u2013<em> Immergeances<\/em> MAC 2007 Paris. &#8211; Foire des livres d\u2019exception m\u00e9diath\u00e8que Albi 2006 MAC2006 Espace Champerret Paris &#8211; <em>Corps <\/em>galerie A l\u2019enseigne des oudin 75004 Paris 2005 MAC2005 (le nouveau MAC2000) Espace Champerret Paris &#8211; 2004 Salon Pages Espace Charenton \u00e8 2003 <em>Ils avaient vingt ans ou moins<\/em> galerie A l\u2019enseigne des oudin 75004 Paris \u2013 <em>L\u2019Heurt mort<\/em> galerie A l\u2019enseigne des oudin 75004 Paris &#8211; <em>Vingt du Val d\u2019Oise<\/em> Sarcelles &#8211; 2002 <em>Brain up<\/em> Palais des Congr\u00e8s Paris 2001- <em>La collection<\/em> Colas Palais des Congr\u00e8s Paris &#8211; Biennale de la gravure Espace Champ de foire Sarcelles &#8211; <em>Echos <\/em>\/ Alocco, Digeon, Maccheroni, Paraschiv Galerie Oudin Paris &#8211; <em>Crois\u00e9e<\/em> Eglise de St Martin du Tertre. &#8211; 2000 Foire du livre Francfort Allemagne &#8211; Salon Pages Espace Austerlitz &#8211; Festival Lille aux \u00e9checs Palais Rihour &#8211; <em>Nouvelles acquisitions<\/em> Fondation Colas Boulogne Livres d&rsquo;art Librairie du centre Wallonie Bruxelles Paris &#8211; <em>Geste de Peinture \/ geste d\u2019\u00e9criture<\/em> Biblioth\u00e8que des \u00e9tudes Rousseauistes Montmorency &#8211; Manumissio Anne Marie Ronhaz Bruxelles &#8211; <em>Les arts du livre<\/em> arcades du Th\u00e9\u00e2tre de l&rsquo; Od\u00e9on Paris &#8211; Livres d&rsquo;artistes Caroline Corre Verderonne Oise. &#8211; 1999 <em>Aux tours des \u00e9checs<\/em> 1er Open du Parc des Princes Paris &#8211; <em>Livres \u00e0 voir<\/em> Le Quai de la Batterie Arras.- Championnat de France d&rsquo;\u00e9checs Besan\u00e7on. 1998 <em>Vanit\u00e9s<\/em> avec Charles Lapicque galerie Oudin Paris &#8211; 1996 <em>Artistes en.ville<\/em> Forum des cholettes Sarcelles &#8211; 1995 Salon de Montrouge &#8211; <em>La photo de peintre<\/em> galerie A l\u2019enseigne des oudin 75004 Paris &#8211; <em>Prix F\u00e9n\u00e9on<\/em> Chapelle de la Sorbonne Paris &#8211; 1993<em> <\/em> Salon d\u2019Art Contemporain Villiers le Bel &#8211; <em>le Salon<\/em> Bouff\u00e9mont &#8211; <em>Lettre et Art<\/em> Sema Pontoise &#8211; 1992 <em>Dix grands du Val d\u2019Oise<\/em> Fondation Dubos &#8211; <em>G\u00e9n\u00e9ration95<\/em> Sarcelles &#8211; <em>Paris Mondial de l&rsquo;art<\/em> <em>Contemporain<\/em> CNIT La D\u00e9fense &#8211; 1991 <em>Artcat-sida<\/em> espace Glauser Paris &#8211; 1990 <em>Novembre \u00e0 Vitry<\/em> &#8211; 1989 <em>Salon de la jeune peinture<\/em> Grand Palais Paris &#8211; <em>Jeune peinture\/Jeune expression <\/em>Galerie de Nesle et Galerie Bernanos Paris &#8211; <em>Biennale Jeune peinture<\/em> Cannes et G\u00e9rone Espagne \u2013 FIAC\/ galerie Oudin Paris &#8211; 1988 Los Angeles Foire \/ galerie Oudin &#8211; 1987 Biennale Paris Institut des beaux-arts Santiago Chili. &#8211; 1986 Salon d&rsquo;art contemporain Dammarie les Lys &#8211; XXe anniversaire du Val d&rsquo; Oise Th\u00e9\u00e2tre P.Fresnay Ermont &#8211; 101 rue St Charles U.E.R Paris 1<\/p>\n","protected":false},"excerpt":{"rendered":"<p>Exposition r\u00e9trospective Accueil S\u00e9ries peintures 2023 &#8211; 1985 Livres d&rsquo;artiste Expositions Art &amp; jeu d&rsquo;\u00e9checs Contact Galerie Alain Oudin Paris Expositions personnelles : 2024 sept \u2013 d\u00e9c. R\u00e9trospective- 2021 Spacialisation du r\u00e9cit \u2013 2017 Grands formats \u2013 2013 Arts Elys\u00e9s &#8211; 2011 Bas reliefs d&rsquo;Abomey &#8211; 2009 Fragments Visages et portraits &#8211; 2008 R\u00e9surgences &#8211; [&hellip;]<\/p>\n","protected":false},"author":1,"featured_media":0,"parent":0,"menu_order":0,"comment_status":"closed","ping_status":"closed","template":"","meta":{"footnotes":""},"class_list":["post-270","page","type-page","status-publish","hentry"],"_links":{"self":[{"href":"https:\/\/dominiquedigeon.fr\/index.php\/wp-json\/wp\/v2\/pages\/270","targetHints":{"allow":["GET"]}}],"collection":[{"href":"https:\/\/dominiquedigeon.fr\/index.php\/wp-json\/wp\/v2\/pages"}],"about":[{"href":"https:\/\/dominiquedigeon.fr\/index.php\/wp-json\/wp\/v2\/types\/page"}],"author":[{"embeddable":true,"href":"https:\/\/dominiquedigeon.fr\/index.php\/wp-json\/wp\/v2\/users\/1"}],"replies":[{"embeddable":true,"href":"https:\/\/dominiquedigeon.fr\/index.php\/wp-json\/wp\/v2\/comments?post=270"}],"version-history":[{"count":9,"href":"https:\/\/dominiquedigeon.fr\/index.php\/wp-json\/wp\/v2\/pages\/270\/revisions"}],"predecessor-version":[{"id":868,"href":"https:\/\/dominiquedigeon.fr\/index.php\/wp-json\/wp\/v2\/pages\/270\/revisions\/868"}],"wp:attachment":[{"href":"https:\/\/dominiquedigeon.fr\/index.php\/wp-json\/wp\/v2\/media?parent=270"}],"curies":[{"name":"wp","href":"https:\/\/api.w.org\/{rel}","templated":true}]}}