{"id":781,"date":"2024-09-23T21:38:23","date_gmt":"2024-09-23T19:38:23","guid":{"rendered":"https:\/\/dominiquedigeon.fr\/?page_id=781"},"modified":"2024-09-23T21:38:23","modified_gmt":"2024-09-23T19:38:23","slug":"parties-pelees","status":"publish","type":"page","link":"https:\/\/dominiquedigeon.fr\/index.php\/parties-pelees\/","title":{"rendered":"Parties pel\u00e9es"},"content":{"rendered":"\n<p><\/p>\n\n\n\n<figure class=\"wp-block-gallery has-nested-images columns-default is-cropped wp-block-gallery-1 is-layout-flex wp-block-gallery-is-layout-flex\">\n<figure class=\"wp-block-image size-full\"><img loading=\"lazy\" decoding=\"async\" width=\"593\" height=\"593\" data-id=\"782\" src=\"https:\/\/dominiquedigeon.fr\/wp-content\/uploads\/2024\/09\/dame-p-g.jpg\" alt=\"\" class=\"wp-image-782\" srcset=\"https:\/\/dominiquedigeon.fr\/wp-content\/uploads\/2024\/09\/dame-p-g.jpg 593w, https:\/\/dominiquedigeon.fr\/wp-content\/uploads\/2024\/09\/dame-p-g-300x300.jpg 300w, https:\/\/dominiquedigeon.fr\/wp-content\/uploads\/2024\/09\/dame-p-g-150x150.jpg 150w\" sizes=\"auto, (max-width: 593px) 100vw, 593px\" \/><\/figure>\n\n\n\n<figure class=\"wp-block-image size-full\"><img loading=\"lazy\" decoding=\"async\" width=\"500\" height=\"500\" data-id=\"787\" src=\"https:\/\/dominiquedigeon.fr\/wp-content\/uploads\/2024\/09\/e3.500.jpg\" alt=\"\" class=\"wp-image-787\" srcset=\"https:\/\/dominiquedigeon.fr\/wp-content\/uploads\/2024\/09\/e3.500.jpg 500w, https:\/\/dominiquedigeon.fr\/wp-content\/uploads\/2024\/09\/e3.500-300x300.jpg 300w, https:\/\/dominiquedigeon.fr\/wp-content\/uploads\/2024\/09\/e3.500-150x150.jpg 150w\" sizes=\"auto, (max-width: 500px) 100vw, 500px\" \/><\/figure>\n\n\n\n<figure class=\"wp-block-image size-full\"><img loading=\"lazy\" decoding=\"async\" width=\"574\" height=\"568\" data-id=\"784\" src=\"https:\/\/dominiquedigeon.fr\/wp-content\/uploads\/2024\/09\/deep-b-kasp-fev96.jpg\" alt=\"\" class=\"wp-image-784\" srcset=\"https:\/\/dominiquedigeon.fr\/wp-content\/uploads\/2024\/09\/deep-b-kasp-fev96.jpg 574w, https:\/\/dominiquedigeon.fr\/wp-content\/uploads\/2024\/09\/deep-b-kasp-fev96-300x297.jpg 300w, https:\/\/dominiquedigeon.fr\/wp-content\/uploads\/2024\/09\/deep-b-kasp-fev96-150x148.jpg 150w\" sizes=\"auto, (max-width: 574px) 100vw, 574px\" \/><\/figure>\n<\/figure>\n\n\n\n<figure class=\"wp-block-table\"><table class=\"has-border-color has-background-border-color\"><tbody><tr><td class=\"has-text-align-left\" data-align=\"left\"><em>Dame piano<\/em><br>Papiers pel\u00e9s sur toile<br>100x100m 1999<br><\/td><td class=\"has-text-align-center\" data-align=\"center\"><em>E3<\/em><br>Papiers pel\u00e9s sur toile<br>100x100m 1999<\/td><td class=\"has-text-align-right\" data-align=\"right\"><em>Deer blue Kasparov<\/em><br>Papiers pel\u00e9s sur toile<br>100x100m 1999<\/td><\/tr><\/tbody><\/table><\/figure>\n\n\n\n<figure class=\"wp-block-image aligncenter size-full\"><img loading=\"lazy\" decoding=\"async\" width=\"572\" height=\"566\" src=\"https:\/\/dominiquedigeon.fr\/wp-content\/uploads\/2024\/09\/venus-cabanel-1.jpg\" alt=\"\" class=\"wp-image-785\" srcset=\"https:\/\/dominiquedigeon.fr\/wp-content\/uploads\/2024\/09\/venus-cabanel-1.jpg 572w, https:\/\/dominiquedigeon.fr\/wp-content\/uploads\/2024\/09\/venus-cabanel-1-300x297.jpg 300w, https:\/\/dominiquedigeon.fr\/wp-content\/uploads\/2024\/09\/venus-cabanel-1-150x148.jpg 150w\" sizes=\"auto, (max-width: 572px) 100vw, 572px\" \/><\/figure>\n\n\n\n<p class=\"has-text-align-center\"><em>V\u00e9nus Cabanel<\/em><br>Papiers pel\u00e9s sur toile<br>100x100m 1999<\/p>\n\n\n\n<figure class=\"wp-block-table\"><table class=\"has-vertical-secondary-to-background-gradient-background has-background has-border-color has-tertiary-border-color\"><tbody><tr><td class=\"has-text-align-center\" data-align=\"center\"><a href=\"https:\/\/dominiquedigeon.fr\">Accueil<\/a><\/td><td class=\"has-text-align-center\" data-align=\"center\"><a href=\"https:\/\/dominiquedigeon.fr\/index.php\/accueil\/series\">S\u00e9ries peintures 2023 &#8211; 1985<\/a><\/td><td class=\"has-text-align-center\" data-align=\"center\"><a href=\"https:\/\/dominiquedigeon.fr\/index.php\/livres-dartiste\/\">Livres d&rsquo;artiste<\/a><\/td><\/tr><tr><td class=\"has-text-align-center\" data-align=\"center\"><a href=\"https:\/\/dominiquedigeon.fr\/index.php\/expositions\/\">Expositions<\/a><\/td><td class=\"has-text-align-center\" data-align=\"center\"><a href=\"https:\/\/dominiquedigeon.fr\/index.php\/art-jeu-dechecs\">Art &amp; jeu d&rsquo;\u00e9checs<\/a><\/td><td class=\"has-text-align-center\" data-align=\"center\"><a href=\"https:\/\/dominiquedigeon.fr\/index.php\/contact\/\">Contact<\/a><\/td><\/tr><\/tbody><\/table><\/figure>\n","protected":false},"excerpt":{"rendered":"<p>Dame pianoPapiers pel\u00e9s sur toile100x100m 1999 E3Papiers pel\u00e9s sur toile100x100m 1999 Deer blue KasparovPapiers pel\u00e9s sur toile100x100m 1999 V\u00e9nus CabanelPapiers pel\u00e9s sur toile100x100m 1999 Accueil S\u00e9ries peintures 2023 &#8211; 1985 Livres d&rsquo;artiste Expositions Art &amp; jeu d&rsquo;\u00e9checs Contact<\/p>\n","protected":false},"author":1,"featured_media":0,"parent":0,"menu_order":0,"comment_status":"closed","ping_status":"closed","template":"","meta":{"footnotes":""},"class_list":["post-781","page","type-page","status-publish","hentry"],"_links":{"self":[{"href":"https:\/\/dominiquedigeon.fr\/index.php\/wp-json\/wp\/v2\/pages\/781","targetHints":{"allow":["GET"]}}],"collection":[{"href":"https:\/\/dominiquedigeon.fr\/index.php\/wp-json\/wp\/v2\/pages"}],"about":[{"href":"https:\/\/dominiquedigeon.fr\/index.php\/wp-json\/wp\/v2\/types\/page"}],"author":[{"embeddable":true,"href":"https:\/\/dominiquedigeon.fr\/index.php\/wp-json\/wp\/v2\/users\/1"}],"replies":[{"embeddable":true,"href":"https:\/\/dominiquedigeon.fr\/index.php\/wp-json\/wp\/v2\/comments?post=781"}],"version-history":[{"count":1,"href":"https:\/\/dominiquedigeon.fr\/index.php\/wp-json\/wp\/v2\/pages\/781\/revisions"}],"predecessor-version":[{"id":788,"href":"https:\/\/dominiquedigeon.fr\/index.php\/wp-json\/wp\/v2\/pages\/781\/revisions\/788"}],"wp:attachment":[{"href":"https:\/\/dominiquedigeon.fr\/index.php\/wp-json\/wp\/v2\/media?parent=781"}],"curies":[{"name":"wp","href":"https:\/\/api.w.org\/{rel}","templated":true}]}}