{"id":811,"date":"2024-09-23T22:07:32","date_gmt":"2024-09-23T20:07:32","guid":{"rendered":"https:\/\/dominiquedigeon.fr\/?page_id=811"},"modified":"2024-09-23T22:07:32","modified_gmt":"2024-09-23T20:07:32","slug":"parties-tressees","status":"publish","type":"page","link":"https:\/\/dominiquedigeon.fr\/index.php\/parties-tressees\/","title":{"rendered":"Parties tress\u00e9es"},"content":{"rendered":"\n<figure class=\"wp-block-gallery has-nested-images columns-default is-cropped wp-block-gallery-1 is-layout-flex wp-block-gallery-is-layout-flex\">\n<figure class=\"wp-block-image size-full\"><img loading=\"lazy\" decoding=\"async\" width=\"585\" height=\"585\" data-id=\"812\" src=\"https:\/\/dominiquedigeon.fr\/wp-content\/uploads\/2024\/09\/cheval-de-tete.jpg\" alt=\"\" class=\"wp-image-812\" srcset=\"https:\/\/dominiquedigeon.fr\/wp-content\/uploads\/2024\/09\/cheval-de-tete.jpg 585w, https:\/\/dominiquedigeon.fr\/wp-content\/uploads\/2024\/09\/cheval-de-tete-300x300.jpg 300w, https:\/\/dominiquedigeon.fr\/wp-content\/uploads\/2024\/09\/cheval-de-tete-150x150.jpg 150w\" sizes=\"auto, (max-width: 585px) 100vw, 585px\" \/><\/figure>\n\n\n\n<figure class=\"wp-block-image size-full\"><img loading=\"lazy\" decoding=\"async\" width=\"586\" height=\"592\" data-id=\"813\" src=\"https:\/\/dominiquedigeon.fr\/wp-content\/uploads\/2024\/09\/fete-du-roi.jpg\" alt=\"\" class=\"wp-image-813\" srcset=\"https:\/\/dominiquedigeon.fr\/wp-content\/uploads\/2024\/09\/fete-du-roi.jpg 586w, https:\/\/dominiquedigeon.fr\/wp-content\/uploads\/2024\/09\/fete-du-roi-297x300.jpg 297w, https:\/\/dominiquedigeon.fr\/wp-content\/uploads\/2024\/09\/fete-du-roi-148x150.jpg 148w\" sizes=\"auto, (max-width: 586px) 100vw, 586px\" \/><\/figure>\n\n\n\n<figure class=\"wp-block-image size-full\"><img loading=\"lazy\" decoding=\"async\" width=\"585\" height=\"590\" data-id=\"814\" src=\"https:\/\/dominiquedigeon.fr\/wp-content\/uploads\/2024\/09\/tete-de-cheval.jpg\" alt=\"\" class=\"wp-image-814\" srcset=\"https:\/\/dominiquedigeon.fr\/wp-content\/uploads\/2024\/09\/tete-de-cheval.jpg 585w, https:\/\/dominiquedigeon.fr\/wp-content\/uploads\/2024\/09\/tete-de-cheval-297x300.jpg 297w, https:\/\/dominiquedigeon.fr\/wp-content\/uploads\/2024\/09\/tete-de-cheval-150x150.jpg 150w\" sizes=\"auto, (max-width: 585px) 100vw, 585px\" \/><\/figure>\n<\/figure>\n\n\n\n<figure class=\"wp-block-table\"><table class=\"has-border-color has-background-border-color\"><tbody><tr><td class=\"has-text-align-left\" data-align=\"left\"><em>Cavalier de t\u00eate<\/em><br>Papiers tress\u00e9es<br>50x50m 1999<br><\/td><td class=\"has-text-align-center\" data-align=\"center\"><em>F\u00eate du Roi<\/em><br>Papiers tress\u00e9es<br>50x50m 1999<\/td><td class=\"has-text-align-right\" data-align=\"right\"><em>T\u00eate de Cavalier<\/em><br>Papiers tress\u00e9es<br>50x50m 1999<\/td><\/tr><\/tbody><\/table><\/figure>\n\n\n\n<figure class=\"wp-block-image aligncenter size-full\"><img loading=\"lazy\" decoding=\"async\" width=\"588\" height=\"588\" src=\"https:\/\/dominiquedigeon.fr\/wp-content\/uploads\/2024\/09\/tour-a-cheval.jpg\" alt=\"\" class=\"wp-image-815\" srcset=\"https:\/\/dominiquedigeon.fr\/wp-content\/uploads\/2024\/09\/tour-a-cheval.jpg 588w, https:\/\/dominiquedigeon.fr\/wp-content\/uploads\/2024\/09\/tour-a-cheval-300x300.jpg 300w, https:\/\/dominiquedigeon.fr\/wp-content\/uploads\/2024\/09\/tour-a-cheval-150x150.jpg 150w\" sizes=\"auto, (max-width: 588px) 100vw, 588px\" \/><\/figure>\n\n\n\n<p class=\"has-text-align-center\"><em>Tour \u00e0 cheval<\/em><br>Papiers tress\u00e9es<br>50x50m 1999<\/p>\n\n\n\n<figure class=\"wp-block-table\"><table class=\"has-vertical-secondary-to-background-gradient-background has-background has-border-color has-tertiary-border-color\"><tbody><tr><td class=\"has-text-align-center\" data-align=\"center\"><a href=\"https:\/\/dominiquedigeon.fr\">Accueil<\/a><\/td><td class=\"has-text-align-center\" data-align=\"center\"><a href=\"https:\/\/dominiquedigeon.fr\/index.php\/accueil\/series\">S\u00e9ries peintures 2023 &#8211; 1985<\/a><\/td><td class=\"has-text-align-center\" data-align=\"center\"><a href=\"https:\/\/dominiquedigeon.fr\/index.php\/livres-dartiste\/\">Livres d&rsquo;artiste<\/a><\/td><\/tr><tr><td class=\"has-text-align-center\" data-align=\"center\"><a href=\"https:\/\/dominiquedigeon.fr\/index.php\/expositions\/\">Expositions<\/a><\/td><td class=\"has-text-align-center\" data-align=\"center\"><a href=\"https:\/\/dominiquedigeon.fr\/index.php\/art-jeu-dechecs\">Art &amp; jeu d&rsquo;\u00e9checs<\/a><\/td><td class=\"has-text-align-center\" data-align=\"center\"><a href=\"https:\/\/dominiquedigeon.fr\/index.php\/contact\/\">Contact<\/a><\/td><\/tr><\/tbody><\/table><\/figure>\n","protected":false},"excerpt":{"rendered":"<p>Cavalier de t\u00eatePapiers tress\u00e9es50x50m 1999 F\u00eate du RoiPapiers tress\u00e9es50x50m 1999 T\u00eate de CavalierPapiers tress\u00e9es50x50m 1999 Tour \u00e0 chevalPapiers tress\u00e9es50x50m 1999 Accueil S\u00e9ries peintures 2023 &#8211; 1985 Livres d&rsquo;artiste Expositions Art &amp; jeu d&rsquo;\u00e9checs Contact<\/p>\n","protected":false},"author":1,"featured_media":0,"parent":0,"menu_order":0,"comment_status":"closed","ping_status":"closed","template":"","meta":{"footnotes":""},"class_list":["post-811","page","type-page","status-publish","hentry"],"_links":{"self":[{"href":"https:\/\/dominiquedigeon.fr\/index.php\/wp-json\/wp\/v2\/pages\/811","targetHints":{"allow":["GET"]}}],"collection":[{"href":"https:\/\/dominiquedigeon.fr\/index.php\/wp-json\/wp\/v2\/pages"}],"about":[{"href":"https:\/\/dominiquedigeon.fr\/index.php\/wp-json\/wp\/v2\/types\/page"}],"author":[{"embeddable":true,"href":"https:\/\/dominiquedigeon.fr\/index.php\/wp-json\/wp\/v2\/users\/1"}],"replies":[{"embeddable":true,"href":"https:\/\/dominiquedigeon.fr\/index.php\/wp-json\/wp\/v2\/comments?post=811"}],"version-history":[{"count":1,"href":"https:\/\/dominiquedigeon.fr\/index.php\/wp-json\/wp\/v2\/pages\/811\/revisions"}],"predecessor-version":[{"id":816,"href":"https:\/\/dominiquedigeon.fr\/index.php\/wp-json\/wp\/v2\/pages\/811\/revisions\/816"}],"wp:attachment":[{"href":"https:\/\/dominiquedigeon.fr\/index.php\/wp-json\/wp\/v2\/media?parent=811"}],"curies":[{"name":"wp","href":"https:\/\/api.w.org\/{rel}","templated":true}]}}